{"id":3,"date":"2025-07-15T22:08:56","date_gmt":"2025-07-15T22:08:56","guid":{"rendered":"https:\/\/pizzatrie.fr\/?page_id=3"},"modified":"2025-07-16T00:22:59","modified_gmt":"2025-07-15T22:22:59","slug":"privacy-policy","status":"publish","type":"page","link":"https:\/\/pizzatrie.fr\/index.php\/privacy-policy\/","title":{"rendered":"Confidentialit\u00e9"},"content":{"rendered":"\r\n<h2 class=\"wp-block-heading\">Politique de confidentialit\u00e9<\/h2>\r\n<p>Pizza Trie s&rsquo;engage \u00e0 prot\u00e9ger votre vie priv\u00e9e. N&rsquo;h\u00e9sitez pas \u00e0 nous contacter si vous avez des questions ou des probl\u00e8mes concernant l&rsquo;utilisation de vos donn\u00e9es personnelles et nous serons heureux de vous aider.<\/p>\r\n<p>En utilisant ce site ou\/et nos services, vous acceptez le traitement de vos donn\u00e9es personnelles tel que d\u00e9crit dans cette politique de confidentialit\u00e9.<\/p>\r\n<p>Conform\u00e9ment \u00e0 la loi Informatique et Libert\u00e9s et le R\u00e8glement G\u00e9n\u00e9ral sur la Protection des Donn\u00e9es 2016\/679 (RGPD), vous disposez des droits d\u2019acc\u00e8s, de rectification et de suppression des donn\u00e9es personnelles vous concernant que vous pouvez exercer en nous \u00e9crivant \u00e0 com @ pizzatrie.fr. Vos requ\u00eates seront trait\u00e9es rapidement et au maximum dans les 30 jours.<\/p>\r\n<h2>D\u00e9finitions<\/h2>\r\n<p><strong>Donn\u00e9es personnelles<\/strong> &#8211; toute information relative \u00e0 une personne physique identifi\u00e9e ou identifiable.<br \/><strong>Traitement<\/strong> &#8211; toute op\u00e9ration ou ensemble d&rsquo;op\u00e9rations effectu\u00e9es sur des donn\u00e9es personnelles ou sur des ensembles de donn\u00e9es personnelles.<br \/><strong>Personne concern\u00e9e<\/strong> &#8211; une personne physique dont les donn\u00e9es personnelles sont en cours de traitement.<\/p>\r\n<h2>Principes de protection des donn\u00e9es<\/h2>\r\n<p>Nous nous engageons \u00e0 respecter les principes de protection des donn\u00e9es suivants :<\/p>\r\n<p><strong>Le traitement sera l\u00e9gal, juste, transparent.<\/strong> Nos activit\u00e9s de traitement ont des motifs l\u00e9gitimes. Nous consid\u00e9rons toujours vos droits avant de traiter les donn\u00e9es personnelles. Nous vous fournirons des informations concernant le traitement sur demande.<br \/><strong>Le traitement est limit\u00e9 \u00e0 l&rsquo;objectif.<\/strong> Nos activit\u00e9s de traitement correspondent \u00e0 l&rsquo;objectif pour lequel les donn\u00e9es personnelles ont \u00e9t\u00e9 collect\u00e9es.<br \/><strong>Le traitement est effectu\u00e9 avec un minimum de donn\u00e9es.<\/strong> Nous collectons et traitons uniquement la quantit\u00e9 minimale de donn\u00e9es personnelles requises \u00e0 quelque fin que ce soit.<br \/><strong>Le traitement est limit\u00e9 avec une p\u00e9riode de temps.<\/strong> Nous ne conserverons pas vos donn\u00e9es personnelles plus longtemps que n\u00e9cessaire.<br \/>Nous ferons de notre mieux pour assurer l&rsquo;exactitude des donn\u00e9es.<br \/>Nous ferons de notre mieux pour assurer l&rsquo;int\u00e9grit\u00e9 et la confidentialit\u00e9 des donn\u00e9es.<\/p>\r\n<h2>Droits du sujet de donn\u00e9es<\/h2>\r\n<p>Le sujet de donn\u00e9es (vous) a les droits suivants:<\/p>\r\n<p><strong>Droit \u00e0 l&rsquo;information<\/strong> &#8211; ce qui signifie que vous devez savoir si vos donn\u00e9es personnelles sont en cours de traitement, quelles sont les donn\u00e9es collect\u00e9es, d&rsquo;o\u00f9 elles proviennent et pourquoi et par qui elles sont trait\u00e9es.<br \/><strong>Droit d&rsquo;acc\u00e8s<\/strong> &#8211; ce qui signifie que vous avez le droit d&rsquo;acc\u00e9der aux donn\u00e9es collect\u00e9es \u00e0 votre sujet. Cela inclut votre droit de demander et d&rsquo;obtenir une copie de vos donn\u00e9es personnelles recueillies.<br \/><strong>Droit de rectification<\/strong> &#8211; ce qui signifie que vous avez le droit de demander la rectification ou l&rsquo;effacement de vos donn\u00e9es personnelles qui sont inexactes ou incompl\u00e8tes.<br \/><strong>Droit d&rsquo;effacement<\/strong> &#8211; ce qui signifie que dans certaines circonstances, vous pouvez demander que vos donn\u00e9es personnelles soient effac\u00e9es de nos archives.<br \/><strong>Droit de restreindre le traitement<\/strong> &#8211; signifiant que si certaines conditions s&rsquo;appliquent, vous avez le droit de restreindre le traitement de vos donn\u00e9es personnelles.<br \/><strong>Droit d&rsquo;opposition au traitement<\/strong> &#8211; ce qui signifie dans certains cas que vous avez le droit de vous opposer au traitement de vos donn\u00e9es personnelles, par exemple dans le cas du marketing direct.<br \/><strong>Droit de s&rsquo;opposer au traitement automatis\u00e9<\/strong> &#8211; ce qui signifie que vous avez le droit de vous opposer au traitement automatis\u00e9, y compris le profilage et ne pas \u00eatre soumis \u00e0 une d\u00e9cision bas\u00e9e uniquement sur le traitement automatis\u00e9. Ce droit, vous pouvez exercer chaque fois qu&rsquo;il y a un r\u00e9sultat du profilage qui produit des effets juridiques vous concernant ou vous affectant de mani\u00e8re significative.<br \/><strong>Droit \u00e0 la portabilit\u00e9 des donn\u00e9es<\/strong> &#8211; vous avez le droit d&rsquo;obtenir vos donn\u00e9es personnelles dans un format lisible par machine ou, si cela est faisable, pour un transfert direct d&rsquo;un processeur \u00e0 un autre.<br \/><strong>Droit de d\u00e9poser une plainte<\/strong> &#8211; dans le cas o\u00f9 nous refusons votre demande en vertu des droits d&rsquo;acc\u00e8s, nous vous fournirons une raison pour cela. Si vous n&rsquo;\u00eates pas satisfait de la mani\u00e8re dont votre demande a \u00e9t\u00e9 trait\u00e9e, vous pouvez d\u00e9poser plainte.<br \/><strong>Droit \u00e0 l&rsquo;aide de l&rsquo;autorit\u00e9 de surveillance<\/strong> &#8211; ce qui signifie que vous avez le droit \u00e0 l&rsquo;aide d&rsquo;une autorit\u00e9 de surveillance et le droit d&rsquo;autres recours juridiques tels que r\u00e9clamer des dommages-int\u00e9r\u00eats.<br \/><strong>Droit de retirer votre consentement<\/strong> &#8211; vous avez le droit de retirer tout consentement donn\u00e9 pour le traitement de vos donn\u00e9es personnelles.<\/p>\r\n<h2>Donn\u00e9es que nous recueillons<\/h2>\r\n<p><strong>1 &#8211; Informations que vous nous avez fournies<\/strong><br \/>Il peut s&rsquo;agir de votre adresse e-mail, de votre pr\u00e9nom, de votre identifiant, etc., principalement des informations n\u00e9cessaires pour vous permettre d&rsquo;acc\u00e9der \u00e0 un produit\/service ou pour am\u00e9liorer votre exp\u00e9rience client avec nous. Nous enregistrons aussi les informations que vous nous fournissez afin que vous puissiez commenter un article ou effectuer d&rsquo;autres activit\u00e9s sur le site Web. Ces informations incluent, g\u00e9n\u00e9ralement, votre pr\u00e9nom et adresse e-mail, \u00e9ventuellement vos nom et date de naissance.<\/p>\r\n<p><strong>2 &#8211; Informations collect\u00e9es automatiquement \u00e0 votre sujet<\/strong><br \/>Cela inclut les informations stock\u00e9es automatiquement par les cookies et outils de session. Par exemple, les informations de votre panier, votre adresse IP, votre historique d&rsquo;achat, etc. Ces informations sont utilis\u00e9es pour am\u00e9liorer votre exp\u00e9rience client. Lorsque vous utilisez nos services ou que vous consultez le contenu de notre site Web, vos activit\u00e9s peuvent \u00eatre enregistr\u00e9es. Voir utilisation des cookies plus loin.<\/p>\r\n<p><strong>3 &#8211; Informations de nos partenaires<\/strong><br \/>Nous recueillons des informations aupr\u00e8s de nos partenaires de confiance avec la confirmation qu&rsquo;ils ont des raisons l\u00e9gales de partager ces informations avec nous. Ce sont soit des informations que vous leur avez fournies directement ou qu&rsquo;ils ont recueillies \u00e0 votre sujet pour d&rsquo;autres motifs juridiques. Voir la liste de nos partenaires plus loin.<\/p>\r\n<h2>Comment utilisons-nous vos donn\u00e9es personnelles<\/h2>\r\n<p><strong>Nous utilisons vos donn\u00e9es personnelles pour :<\/strong><\/p>\r\n<ul>\r\n<li>Vous fournir le meilleur service possible. Ceci inclut par exemple l&rsquo;enregistrement de votre compte pour vous fournir des produits et services que vous avez demand\u00e9s. Vous proposer des produits ou services correspondant \u00e0 votre demande et communiquer avec vous relativement \u00e0 ces produits et services. Communiquer et interagir avec vous et vous informer des changements apport\u00e9s aux services ;<\/li>\r\n<li>Am\u00e9liorer votre exp\u00e9rience client, par exemple en enregistrant vos mots de passe pour que vous n&rsquo;ayez pas \u00e0 les saisir \u00e0 chaque session ;<\/li>\r\n<li>Remplir une obligation l\u00e9gale ou contractuelle.<\/li>\r\n<\/ul>\r\n<p>Nous utilisons vos donn\u00e9es personnelles UNIQUEMENT pour des motifs l\u00e9gitimes et\/ou avec votre consentement.<\/p>\r\n<p><strong>En raison de la conclusion d&rsquo;un contrat ou de l&rsquo;ex\u00e9cution d&rsquo;obligations contractuelles, nous traitons vos donn\u00e9es personnelles aux fins suivantes :<\/strong><\/p>\r\n<ul>\r\n<li>pour vous identifier afin de vous fournir un service ou vous envoyer un produit ;<\/li>\r\n<li>pour communiquer soit pour la vente ou la facturation.<\/li>\r\n<\/ul>\r\n<p><strong>Sur la base d&rsquo;un int\u00e9r\u00eat l\u00e9gitime, nous traitons vos donn\u00e9es personnelles aux fins suivantes :<\/strong><\/p>\r\n<ul>\r\n<li>pour vous envoyer des offres personnalis\u00e9es (de notre part ou de nos partenaires s\u00e9lectionn\u00e9s) ;<\/li>\r\n<li>pour administrer et analyser notre client\u00e8le (comportement d&rsquo;achat et historique) afin d&rsquo;am\u00e9liorer la qualit\u00e9, la vari\u00e9t\u00e9 et la disponibilit\u00e9 des produits ou services propos\u00e9s ;<\/li>\r\n<li>pour mener des questionnaires sur la satisfaction des clients.<\/li>\r\n<\/ul>\r\n<p>Tant que vous ne nous avez pas inform\u00e9s autrement, nous vous proposons des produits ou services correspondant \u00e0 votre historique d&rsquo;achat ou comportement de navigation (ce qui correspond \u00e0 notre int\u00e9r\u00eat l\u00e9gitime).<\/p>\r\n<p><strong>Avec votre consentement, nous traitons vos donn\u00e9es personnelles aux fins suivantes :<\/strong><\/p>\r\n<ul>\r\n<li>vous envoyer des bulletins d&rsquo;information et des offres de notre part ou de nos partenaires s\u00e9lectionn\u00e9s ;<\/li>\r\n<\/ul>\r\n<p>Nous traitons aussi vos donn\u00e9es personnelles afin de remplir les obligations d\u00e9coulant de la loi. Nous nous r\u00e9servons le droit d&rsquo;anonymiser les donn\u00e9es personnelles recueillies. Nous n&rsquo;utiliserons des donn\u00e9es en dehors du champ d&rsquo;application de cette politique que si elles sont anonymis\u00e9es. Nous conservons vos informations de facturation et autres informations recueillies \u00e0 votre sujet aussi longtemps que n\u00e9cessaire \u00e0 des fins comptables, fiscales ou d&rsquo;autres obligations d\u00e9coulant de la loi.<\/p>\r\n<p>Nous pourrions traiter vos donn\u00e9es personnelles \u00e0 d&rsquo;autres fins qui ne sont pas mentionn\u00e9es ici, mais qui sont compatibles avec l&rsquo;objectif initial pour lequel les donn\u00e9es ont \u00e9t\u00e9 collect\u00e9es. Pour ce faire, nous veillerons \u00e0 ce que :<\/p>\r\n<ul>\r\n<li>le lien entre les finalit\u00e9s, le contexte et la nature des donn\u00e9es personnelles est adapt\u00e9 \u00e0 un traitement ult\u00e9rieur ;<\/li>\r\n<li>le traitement ult\u00e9rieur ne nuit pas \u00e0 vos int\u00e9r\u00eats.<\/li>\r\n<\/ul>\r\n<p>Nous vous informerons de tout traitement ult\u00e9rieur et des fins correspondantes.<\/p>\r\n<h2>Qui peut acc\u00e9der \u00e0 vos donn\u00e9es personnelles<\/h2>\r\n<p>Les donn\u00e9es personnelles sont accessibles \u00e0 nos partenaires de confiance (ci-apr\u00e8s) afin de vous fournir le meilleur service.<\/p>\r\n<p>Nous partageons vos donn\u00e9es avec :<\/p>\r\n<p><strong>H\u00e9bergement<\/strong><br \/>Le site et la base de donn\u00e9es sont <strong>h\u00e9berg\u00e9s<\/strong> par la St\u00e9 GA Swiss Partner S\u00e0rl \/ MaxiHoster &#8211; 1694 Orsonnens<\/p>\r\n<p><strong>Gestion des paiements<br \/><\/strong>La gestion des <strong>paiements<\/strong> est assur\u00e9e par :<br \/>&#8211; la soci\u00e9t\u00e9 PayPal (Europe) &#8211; 22-24 boulevard Royal &#8211; 2449 Luxembourg<br \/>&#8211; la soci\u00e9t\u00e9 Viva.com &#8211; 22 rue Chauchat &#8211; 750009 Paris<br \/>&#8211; la soci\u00e9t\u00e9 Stancer &#8211; 16 rue de la Ville l&rsquo;Ev\u00eaque &#8211; 75008 Paris<\/p>\r\n<p><strong>Prestataire informatique<\/strong><br \/>Le <span class=\"st\">syst\u00e8me de <strong>gestion de contenus<\/strong> (logiciel CMS<\/span>) est g\u00e9r\u00e9 par la soci\u00e9t\u00e9 EGR &#8211; 65220 Trie sur Ba\u00efse &#8211; France<\/p>\r\n<p>Nous travaillons uniquement avec des partenaires de confiance capables d&rsquo;assurer un niveau ad\u00e9quat de protection de vos donn\u00e9es personnelles. <strong>Nous ne divulguons pas vos donn\u00e9es personnelles \u00e0 des tiers<\/strong> sauf, \u00e9videmment, sur requ\u00eate judiciaire, lorsque nous sommes l\u00e9galement tenus de le faire, ou lorsque vous y avez consenti.<\/p>\r\n<h2>Comment nous s\u00e9curisons vos donn\u00e9es<\/h2>\r\n<p>Nous faisons de notre mieux pour prot\u00e9ger vos donn\u00e9es personnelles. Nous utilisons des protocoles s\u00e9curis\u00e9s pour la communication et le transfert de donn\u00e9es (tel que HTTPS). Nous utilisons l&rsquo;anonymisation et le pseudonymage lorsque cela est appropri\u00e9. Nous surveillons nos syst\u00e8mes pour d\u00e9tecter d&rsquo;\u00e9ventuelles vuln\u00e9rabilit\u00e9s et attaques.<\/p>\r\n<p>M\u00eame si nous faisons de notre mieux, nous ne pouvons pas garantir la s\u00e9curit\u00e9 de l&rsquo;information. Cependant, nous nous engageons \u00e0 informer les autorit\u00e9s comp\u00e9tentes des violations de donn\u00e9es. Nous vous aviserons \u00e9galement s&rsquo;il existe une menace pour vos droits ou int\u00e9r\u00eats. Nous ferons tout ce qui est raisonnablement possible pour pr\u00e9venir les violations de la s\u00e9curit\u00e9 et aider les autorit\u00e9s en cas de violation.<\/p>\r\n<p>Si vous avez un compte chez nous, sachez que vous devez garder votre nom d&rsquo;utilisateur et votre mot de passe secrets.<\/p>\r\n<h2>Enfants<\/h2>\r\n<p>Nous n&rsquo;avons pas l&rsquo;intention de recueillir sciemment des informations aupr\u00e8s des enfants. Nous ne ciblons pas les enfants avec nos services.<\/p>\r\n<h2>Cookies et autres technologies que nous utilisons<\/h2>\r\n<p>Un cookie est un petit fichier texte stock\u00e9 <strong>sur VOTRE ordinateur<\/strong>. Les cookies stockent des informations pour aider \u00e0 faire fonctionner les sites. Nous pouvons uniquement cr\u00e9er et lire des cookies cr\u00e9\u00e9s par notre site Web. Choisir de d\u00e9sactiver les cookies peut vous emp\u00eacher d&rsquo;utiliser certaines fonctions.<\/p>\r\n<h2>Nous utilisons des cookies aux fins suivantes :<\/h2>\r\n<p><strong>Cookies n\u00e9cessaires :<\/strong> ces cookies sont n\u00e9cessaires pour que vous puissiez utiliser certaines fonctionnalit\u00e9s importantes sur notre site Web, telles que la connexion, le langage, le type de navigateur&#8230; Ces cookies ne collectent aucune information personnelle. Ils adaptent simplement l&rsquo;affichage (et plus g\u00e9n\u00e9ralement le site) \u00e0 vous, votre ordinateur et vos logiciels.<br \/><strong>Cookies de fonctionnalit\u00e9 :<\/strong> ces cookies fournissent des fonctionnalit\u00e9s qui rendent l&rsquo;utilisation de notre service plus pratique et personnalis\u00e9. Par exemple, ils peuvent se souvenir que vous avez accept\u00e9 ou refus\u00e9 les cookies analytiques, ils peuvent se souvenir de votre pr\u00e9nom, de votre adresse e-mail et de votre mot de passe pour pr\u00e9remplir les formulaires de contact ou de commentaire. Vous n&rsquo;avez donc pas besoin de ressaisir cette information \u00e0 chaque fois. Ils peuvent \u00e9galement se souvenir des pages que vous avez d\u00e9j\u00e0 visit\u00e9es pour ne pas vous les proposer de nouveau, ou vous proposer des informations similaires, etc.<br \/><strong>Cookies analytiques :<\/strong> ces cookies, qui ne contiennent pas de donn\u00e9es personnelles (autre que l&rsquo;IP), sont utilis\u00e9s pour suivre l&rsquo;utilisation et les performances de notre site Web.<\/p>\r\n<p>Vous pouvez supprimer les cookies stock\u00e9s dans votre ordinateur via les param\u00e8tres de votre navigateur. Vous pouvez \u00e9galement contr\u00f4ler certains cookies tiers en utilisant une plate-forme d&rsquo;am\u00e9lioration de la confidentialit\u00e9, telle que optout.aboutads.info ou youronlinechoices.com.<\/p>\r\n<p><span style=\"color: #ff0000;\"><strong>Nous n&rsquo;utilisons PAS Google Analytics et FaceBook Analytics<\/strong><\/span> pour mesurer le trafic sur notre site Web.\u00a0<\/p>\r\n<h2>Modifications de cette politique de confidentialit\u00e9<\/h2>\r\n<p>Nous nous r\u00e9servons le droit d&rsquo;apporter des modifications \u00e0 cette politique de confidentialit\u00e9.<\/p>\r\n<p>Derni\u00e8re modification faite le 26 f\u00e9vrier 2024.<\/p>\r\n<h2>Droit applicable et langue<\/h2>\r\n<p>La pr\u00e9sente Politique de Confidentialit\u00e9 est r\u00e9gie par le droit fran\u00e7ais. Elles sont r\u00e9dig\u00e9es en fran\u00e7ais. Dans le cas o\u00f9 elles seraient traduites en une ou plusieurs langues, seul le texte fran\u00e7ais ferait foi en cas de litige. La nullit\u00e9 d&rsquo;une clause n&rsquo;entra\u00eene pas la nullit\u00e9 de la Politique de confidentialit\u00e9. L&rsquo;inapplication temporaire ou permanente d&rsquo;une ou plusieurs clauses des pr\u00e9sentes par Pizza Trie ne saurait valoir renonciation de sa part aux autres clauses des pr\u00e9sentes qui continuent \u00e0 produire leurs effets.<\/p>\r\n<h2>Litiges et attribution de juridiction<\/h2>\r\n<p>Tout litige auquel la politique de confidentialit\u00e9 pourrait donner lieu, notamment concernant sa validit\u00e9, son interpr\u00e9tation et son ex\u00e9cution, leurs cons\u00e9quences et leurs suites seront soumis aux tribunaux comp\u00e9tents dans le ressort de la ville de Tarbes.<\/p>\r\n<p>&nbsp;<\/p>\r\n","protected":false},"excerpt":{"rendered":"<p>Politique de confidentialit\u00e9 Pizza Trie s&rsquo;engage \u00e0 prot\u00e9ger votre vie priv\u00e9e. N&rsquo;h\u00e9sitez pas \u00e0 nous contacter si vous avez des questions ou des probl\u00e8mes concernant l&rsquo;utilisation de vos donn\u00e9es personnelles et nous serons heureux de vous aider. En utilisant ce site ou\/et nos services, vous acceptez le traitement de vos donn\u00e9es personnelles tel que d\u00e9crit&#8230;<\/p>\n","protected":false},"author":1,"featured_media":0,"parent":0,"menu_order":0,"comment_status":"closed","ping_status":"open","template":"","meta":{"_kad_post_transparent":"default","_kad_post_title":"default","_kad_post_layout":"default","_kad_post_sidebar_id":"","_kad_post_content_style":"default","_kad_post_vertical_padding":"default","_kad_post_feature":"","_kad_post_feature_position":"","_kad_post_header":false,"_kad_post_footer":false,"_kad_post_classname":"","footnotes":""},"class_list":["post-3","page","type-page","status-publish","hentry"],"_links":{"self":[{"href":"https:\/\/pizzatrie.fr\/index.php\/wp-json\/wp\/v2\/pages\/3","targetHints":{"allow":["GET"]}}],"collection":[{"href":"https:\/\/pizzatrie.fr\/index.php\/wp-json\/wp\/v2\/pages"}],"about":[{"href":"https:\/\/pizzatrie.fr\/index.php\/wp-json\/wp\/v2\/types\/page"}],"author":[{"embeddable":true,"href":"https:\/\/pizzatrie.fr\/index.php\/wp-json\/wp\/v2\/users\/1"}],"replies":[{"embeddable":true,"href":"https:\/\/pizzatrie.fr\/index.php\/wp-json\/wp\/v2\/comments?post=3"}],"version-history":[{"count":1,"href":"https:\/\/pizzatrie.fr\/index.php\/wp-json\/wp\/v2\/pages\/3\/revisions"}],"predecessor-version":[{"id":8,"href":"https:\/\/pizzatrie.fr\/index.php\/wp-json\/wp\/v2\/pages\/3\/revisions\/8"}],"wp:attachment":[{"href":"https:\/\/pizzatrie.fr\/index.php\/wp-json\/wp\/v2\/media?parent=3"}],"curies":[{"name":"wp","href":"https:\/\/api.w.org\/{rel}","templated":true}]}}