{"id":32,"date":"2025-09-22T20:09:40","date_gmt":"2025-09-22T18:09:40","guid":{"rendered":"https:\/\/pizzatrie.fr\/?page_id=32"},"modified":"2026-04-06T20:32:29","modified_gmt":"2026-04-06T18:32:29","slug":"carte-copie","status":"publish","type":"page","link":"https:\/\/pizzatrie.fr\/","title":{"rendered":"carte"},"content":{"rendered":"<h2 style=\"text-align: center; color: blue;\">07 68 17 28 90<\/h2>\r\n<p style=\"text-align: center;\"><em>Toutes les pizzas peuvent \u00eatre pr\u00e9par\u00e9es en base tomate ou cr\u00e8me fra\u00eeche et en calzone<\/em><\/p>\r\n<table style=\"width: 100%; border-collapse: collapse; border-style: solid; height: 1452px;\" border=\"0\">\r\n<tbody>\r\n<tr style=\"height: 24px;\">\r\n<td style=\"text-align: right; height: 24px;\">Tailles<\/td>\r\n<td style=\"text-align: right; height: 24px;\">\u00f826<\/td>\r\n<td style=\"text-align: right; height: 24px;\">\u00f833<\/td>\r\n<\/tr>\r\n<tr style=\"height: 36px;\">\r\n<td style=\"text-align: center; color: red; font-size: 150%; height: 36px;\" colspan=\"3\"><b>NOUVEAU<\/b><\/td>\r\n<\/tr>\r\n<tr style=\"height: 24px;\">\r\n<td style=\"height: 24px;\"><b>Burger<\/b><\/td>\r\n<td style=\"text-align: right; height: 24px;\">10<\/td>\r\n<td style=\"text-align: right; height: 24px;\">13<\/td>\r\n<\/tr>\r\n<tr style=\"height: 24px;\">\r\n<td style=\"height: 24px;\" colspan=\"3\">tomate, boeuf hach\u00e9, cheddar, sauce burger, ketchup, emmental, mozza<\/td>\r\n<\/tr>\r\n<tr style=\"height: 24px;\">\r\n<td style=\"height: 24px;\"><b>Kebab<\/b><\/td>\r\n<td style=\"text-align: right; height: 24px;\">10<\/td>\r\n<td style=\"text-align: right; height: 24px;\">13<\/td>\r\n<\/tr>\r\n<tr style=\"height: 24px;\">\r\n<td style=\"height: 24px;\" colspan=\"3\">cr\u00e8me, viande kebab, cheddar, sauce kebab, emmental, mozza<\/td>\r\n<\/tr>\r\n<tr style=\"height: 24px;\">\r\n<td style=\"height: 24px;\"><b>Paysanne<\/b><\/td>\r\n<td style=\"text-align: right; height: 24px;\">11<\/td>\r\n<td style=\"text-align: right; height: 24px;\">14<\/td>\r\n<\/tr>\r\n<tr style=\"height: 24px;\">\r\n<td style=\"height: 24px;\" colspan=\"3\">cr\u00e8me, lardon, camembert, champignon, emmental, mozza<\/td>\r\n<\/tr>\r\n<tr style=\"height: 36px;\">\r\n<td style=\"text-align: center; color: red; font-size: 150%; height: 36px;\" colspan=\"3\"><b>Les classiques<\/b><\/td>\r\n<\/tr>\r\n<tr style=\"height: 24px;\">\r\n<td style=\"height: 24px;\"><b>Marguerite<\/b><\/td>\r\n<td style=\"text-align: right; height: 24px;\">8<\/td>\r\n<td style=\"text-align: right; height: 24px;\">10<\/td>\r\n<\/tr>\r\n<tr style=\"height: 24px;\">\r\n<td style=\"height: 24px;\" colspan=\"3\">tomate, mozza<\/td>\r\n<\/tr>\r\n<tr style=\"height: 24px;\">\r\n<td style=\"height: 24px;\"><b>Jambon<\/b><\/td>\r\n<td style=\"text-align: right; height: 24px;\">9<\/td>\r\n<td style=\"text-align: right; height: 24px;\">11<\/td>\r\n<\/tr>\r\n<tr style=\"height: 24px;\">\r\n<td style=\"height: 24px;\" colspan=\"3\">tomate, jambon blanc, emmental, mozza<\/td>\r\n<\/tr>\r\n<tr style=\"height: 24px;\">\r\n<td style=\"height: 24px;\"><b>Royale<\/b><\/td>\r\n<td style=\"text-align: right; height: 24px;\">10<\/td>\r\n<td style=\"text-align: right; height: 24px;\">12<\/td>\r\n<\/tr>\r\n<tr style=\"height: 24px;\">\r\n<td style=\"height: 24px;\" colspan=\"3\">tomate, jambon, champignon, emmental, mozza<\/td>\r\n<\/tr>\r\n<tr style=\"height: 36px;\">\r\n<td style=\"text-align: center; color: red; font-size: 150%; height: 36px;\" colspan=\"3\"><b>Les Poissons<\/b><\/td>\r\n<\/tr>\r\n<tr style=\"height: 24px;\">\r\n<td style=\"height: 24px;\"><b>Napo<\/b><\/td>\r\n<td style=\"text-align: right; height: 24px;\">10<\/td>\r\n<td style=\"text-align: right; height: 24px;\">13<\/td>\r\n<\/tr>\r\n<tr style=\"height: 24px;\">\r\n<td style=\"height: 24px;\" colspan=\"3\">tomate, anchois, c\u00e2pres, emmental, mozza<\/td>\r\n<\/tr>\r\n<tr style=\"height: 24px;\">\r\n<td style=\"height: 24px;\"><b>Saumon<\/b><\/td>\r\n<td style=\"text-align: right; height: 24px;\">11<\/td>\r\n<td style=\"text-align: right; height: 24px;\">14<\/td>\r\n<\/tr>\r\n<tr style=\"height: 24px;\">\r\n<td style=\"height: 24px;\" colspan=\"3\">tomate, saumon, cr\u00e8me, emmental, mozza<\/td>\r\n<\/tr>\r\n<tr style=\"height: 36px;\">\r\n<td style=\"text-align: center; color: red; font-size: 150%; height: 36px;\" colspan=\"3\"><b>Les fromages<\/b><\/td>\r\n<\/tr>\r\n<tr style=\"height: 24px;\">\r\n<td style=\"height: 24px;\"><b>Ch\u00e8vre frais<\/b><\/td>\r\n<td style=\"text-align: right; height: 24px;\">10<\/td>\r\n<td style=\"text-align: right; height: 24px;\">13<\/td>\r\n<\/tr>\r\n<tr style=\"height: 24px;\">\r\n<td style=\"height: 24px;\" colspan=\"3\">tomate, ch\u00e8vre frais, basilic, miel, emmental, mozza<\/td>\r\n<\/tr>\r\n<tr style=\"height: 24px;\">\r\n<td style=\"height: 24px;\"><b>4 fromages<\/b><\/td>\r\n<td style=\"text-align: right; height: 24px;\">10<\/td>\r\n<td style=\"text-align: right; height: 24px;\">13<\/td>\r\n<\/tr>\r\n<tr style=\"height: 24px;\">\r\n<td style=\"height: 24px;\" colspan=\"3\">tomate, roquefort, ch\u00e8vre, emmental, mozza<\/td>\r\n<\/tr>\r\n<tr style=\"height: 24px;\">\r\n<td style=\"height: 24px;\"><b>Poubelle fromages<\/b><\/td>\r\n<td style=\"text-align: right; height: 24px;\">12<\/td>\r\n<td style=\"text-align: right; height: 24px;\">15<\/td>\r\n<\/tr>\r\n<tr style=\"height: 24px;\">\r\n<td style=\"height: 24px;\" colspan=\"3\">Tomate et nombreux fromages<\/td>\r\n<\/tr>\r\n<tr style=\"height: 36px;\">\r\n<td style=\"text-align: center; color: red; font-size: 150%; height: 36px;\" colspan=\"3\"><b>Les l\u00e9gumes<\/b><\/td>\r\n<\/tr>\r\n<tr style=\"height: 24px;\">\r\n<td style=\"height: 24px;\"><b>Artichaut<\/b><\/td>\r\n<td style=\"text-align: right; height: 24px;\">11<\/td>\r\n<td style=\"text-align: right; height: 24px;\">14<\/td>\r\n<\/tr>\r\n<tr style=\"height: 24px;\">\r\n<td style=\"height: 24px;\" colspan=\"3\">tomate, jambon, artichaut, ch\u00e8vre, champignon, emmental, mozza<\/td>\r\n<\/tr>\r\n<tr style=\"height: 24px;\">\r\n<td style=\"height: 24px;\"><b>V\u00e9g\u00e9tarienne<\/b><\/td>\r\n<td style=\"text-align: right; height: 24px;\">11<\/td>\r\n<td style=\"text-align: right; height: 24px;\">14<\/td>\r\n<\/tr>\r\n<tr style=\"height: 24px;\">\r\n<td style=\"height: 24px;\" colspan=\"3\">tomate, champignon, poivron, courgette, artichaut, emmental, mozza<\/td>\r\n<\/tr>\r\n<tr style=\"height: 36px;\">\r\n<td style=\"text-align: center; color: red; font-size: 150%; height: 36px;\" colspan=\"3\"><b>Les blanches<\/b><\/td>\r\n<\/tr>\r\n<tr style=\"height: 24px;\">\r\n<td style=\"height: 24px;\"><b>Flamme<\/b><\/td>\r\n<td style=\"text-align: right; height: 24px;\">10<\/td>\r\n<td style=\"text-align: right; height: 24px;\">12<\/td>\r\n<\/tr>\r\n<tr style=\"height: 24px;\">\r\n<td style=\"height: 24px;\" colspan=\"3\">cr\u00e8me, lardons, oignon, emmental, mozza<\/td>\r\n<\/tr>\r\n<tr style=\"height: 24px;\">\r\n<td style=\"height: 24px;\"><b>Tartiflette<\/b><\/td>\r\n<td style=\"text-align: right; height: 24px;\">11<\/td>\r\n<td style=\"text-align: right; height: 24px;\">14<\/td>\r\n<\/tr>\r\n<tr style=\"height: 24px;\">\r\n<td style=\"height: 24px;\" colspan=\"3\">cr\u00e8me, lardons, patate, reblochon, emmental, mozza<\/td>\r\n<\/tr>\r\n<tr style=\"height: 36px;\">\r\n<td style=\"text-align: center; color: red; font-size: 150%; height: 36px;\" colspan=\"3\"><b>Les canards\/blanches<\/b><\/td>\r\n<\/tr>\r\n<tr style=\"height: 24px;\">\r\n<td style=\"height: 24px;\"><b>Magret<\/b><\/td>\r\n<td style=\"text-align: right; height: 24px;\">12<\/td>\r\n<td style=\"text-align: right; height: 24px;\">15<\/td>\r\n<\/tr>\r\n<tr style=\"height: 24px;\">\r\n<td style=\"height: 24px;\" colspan=\"3\">cr\u00e8me, magret, roquefort (<i>avec ou sans<\/i>), emmental, mozza<\/td>\r\n<\/tr>\r\n<tr style=\"height: 24px;\">\r\n<td style=\"height: 24px;\"><b>Astarac<\/b><\/td>\r\n<td style=\"text-align: right; height: 24px;\">12<\/td>\r\n<td style=\"text-align: right; height: 24px;\">15<\/td>\r\n<\/tr>\r\n<tr style=\"height: 24px;\">\r\n<td style=\"height: 24px;\" colspan=\"3\">cr\u00e8me, lardons, jambon, magret, emmental, mozza<\/td>\r\n<\/tr>\r\n<tr style=\"height: 24px;\">\r\n<td style=\"height: 24px;\"><b>Sud-Ouest<\/b><\/td>\r\n<td style=\"text-align: right; height: 24px;\">13<\/td>\r\n<td style=\"text-align: right; height: 24px;\">16<\/td>\r\n<\/tr>\r\n<tr style=\"height: 24px;\">\r\n<td style=\"height: 24px;\" colspan=\"3\">cr\u00e8me, g\u00e9sier, magret, foie gras, patate, emmental, mozza<\/td>\r\n<\/tr>\r\n<tr style=\"height: 36px;\">\r\n<td style=\"text-align: center; color: red; font-size: 150%; height: 36px;\" colspan=\"3\"><b>Les piquantes<\/b><\/td>\r\n<\/tr>\r\n<tr style=\"height: 24px;\">\r\n<td style=\"height: 24px;\"><b>Pepperoni<\/b><\/td>\r\n<td style=\"text-align: right; height: 24px;\">10<\/td>\r\n<td style=\"text-align: right; height: 24px;\">13<\/td>\r\n<\/tr>\r\n<tr style=\"height: 24px;\">\r\n<td style=\"height: 24px;\" colspan=\"3\">tomate, chorizo, poivron, emmental, mozza<\/td>\r\n<\/tr>\r\n<tr style=\"height: 24px;\">\r\n<td style=\"height: 24px;\"><b>Piquante<\/b><\/td>\r\n<td style=\"text-align: right; height: 24px;\">10<\/td>\r\n<td style=\"text-align: right; height: 24px;\">13<\/td>\r\n<\/tr>\r\n<tr style=\"height: 24px;\">\r\n<td style=\"height: 24px;\" colspan=\"3\">tomate, chorizo, merguez, piment, emmental, mozza<\/td>\r\n<\/tr>\r\n<tr style=\"height: 24px;\">\r\n<td style=\"height: 24px;\"><b>Mex<\/b><\/td>\r\n<td style=\"text-align: right; height: 24px;\">10<\/td>\r\n<td style=\"text-align: right; height: 24px;\">13<\/td>\r\n<\/tr>\r\n<tr style=\"height: 24px;\">\r\n<td style=\"height: 24px;\" colspan=\"3\">tomate, boeuf hach\u00e9 \u00e9pic\u00e9, Chorizo, oignon, em., mozza<\/td>\r\n<\/tr>\r\n<tr style=\"height: 36px;\">\r\n<td style=\"text-align: center; color: red; font-size: 150%; height: 36px;\" colspan=\"3\"><b>Les viandes<\/b><\/td>\r\n<\/tr>\r\n<tr style=\"height: 24px;\">\r\n<td style=\"height: 24px;\"><b>Viandarde<\/b><\/td>\r\n<td style=\"text-align: right; height: 24px;\">10<\/td>\r\n<td style=\"text-align: right; height: 24px;\">13<\/td>\r\n<\/tr>\r\n<tr style=\"height: 24px;\">\r\n<td style=\"height: 24px;\" colspan=\"3\">tomate, boeuf hach\u00e9, emmental, mozza<\/td>\r\n<\/tr>\r\n<tr style=\"height: 24px;\">\r\n<td style=\"height: 24px;\"><b>Poulet<\/b><\/td>\r\n<td style=\"text-align: right; height: 24px;\">10<\/td>\r\n<td style=\"text-align: right; height: 24px;\">13<\/td>\r\n<\/tr>\r\n<tr style=\"height: 24px;\">\r\n<td style=\"height: 24px;\" colspan=\"3\">tomate, poulet, curry, ananas (<i>avec ou sans<\/i>), emmental, mozza<\/td>\r\n<\/tr>\r\n<\/tbody>\r\n<\/table>\r\n<h3 style=\"text-align: center;\"><b>Horaires d&rsquo;ouverture<\/b><\/h3>\r\n<center>\u00a0\r\n<table style=\"height: auto; width: 38.747573%;\" cellspacing=\"0\" cellpadding=\"2\">\r\n<tbody>\r\n<tr>\r\n<td style=\"width: 164px;\" colspan=\"2\">\r\n<p style=\"text-align: center;\"><strong>Ferm\u00e9 le midi<\/strong><\/p>\r\n<\/td>\r\n<\/tr>\r\n<tr>\r\n<td style=\"width: 164px;\"><b>Lundi<\/b><\/td>\r\n<td style=\"text-align: center; width: 143px;\"><b>18h &#8211; 21h<\/b><\/td>\r\n<\/tr>\r\n<tr>\r\n<td style=\"width: 164px;\">Mardi<\/td>\r\n<td style=\"text-align: center; width: 143px;\">Ferm\u00e9<\/td>\r\n<\/tr>\r\n<tr>\r\n<td style=\"width: 164px;\">Mercredi<\/td>\r\n<td style=\"text-align: center; width: 143px;\">Ferm\u00e9<\/td>\r\n<\/tr>\r\n<tr>\r\n<td style=\"width: 164px;\"><b>Jeudi<\/b><\/td>\r\n<td style=\"text-align: center; width: 143px;\"><b>18h &#8211; 21h<\/b><\/td>\r\n<\/tr>\r\n<tr>\r\n<td style=\"width: 164px;\"><b>Vendredi<\/b><\/td>\r\n<td style=\"text-align: center; width: 143px;\"><b>18h &#8211; 21h<\/b><\/td>\r\n<\/tr>\r\n<tr>\r\n<td style=\"width: 164px;\"><b>Samedi<\/b><\/td>\r\n<td style=\"text-align: center; width: 143px;\"><b>18h &#8211; 21h<\/b><\/td>\r\n<\/tr>\r\n<tr>\r\n<td style=\"width: 164px;\"><b>Dimanche<\/b><\/td>\r\n<td style=\"text-align: center; width: 143px;\"><b>18h &#8211; 21h<\/b><\/td>\r\n<\/tr>\r\n<\/tbody>\r\n<\/table>\r\n\u00a0\r\n<h3><strong>19 rue des Monts de Bigorre \u00e0 Trie<\/strong><\/h3>\r\n(<em>face entreprise Gregoire<\/em>)<\/center>\r\n<div style=\"text-align: center;\"><img loading=\"lazy\" decoding=\"async\" class=\"size-medium wp-image-26 aligncenter\" src=\"https:\/\/pizzatrie.fr\/wp-content\/uploads\/2025\/07\/plan-300x222.png\" alt=\"\" width=\"300\" height=\"222\" srcset=\"https:\/\/pizzatrie.fr\/wp-content\/uploads\/2025\/07\/plan-300x222.png 300w, https:\/\/pizzatrie.fr\/wp-content\/uploads\/2025\/07\/plan.png 433w\" sizes=\"auto, (max-width: 300px) 100vw, 300px\" \/><\/div>\r\n<div><img loading=\"lazy\" decoding=\"async\" class=\"size-medium wp-image-27 aligncenter\" src=\"https:\/\/pizzatrie.fr\/wp-content\/uploads\/2025\/07\/IMG_2498-300x268.jpg\" alt=\"\" width=\"300\" height=\"268\" srcset=\"https:\/\/pizzatrie.fr\/wp-content\/uploads\/2025\/07\/IMG_2498-300x268.jpg 300w, https:\/\/pizzatrie.fr\/wp-content\/uploads\/2025\/07\/IMG_2498-1024x914.jpg 1024w, https:\/\/pizzatrie.fr\/wp-content\/uploads\/2025\/07\/IMG_2498-768x685.jpg 768w, https:\/\/pizzatrie.fr\/wp-content\/uploads\/2025\/07\/IMG_2498-1536x1370.jpg 1536w, https:\/\/pizzatrie.fr\/wp-content\/uploads\/2025\/07\/IMG_2498-2048x1827.jpg 2048w\" sizes=\"auto, (max-width: 300px) 100vw, 300px\" \/><\/div>\r\n<div class=\"wp-block-image\">\r\n<figure class=\"aligncenter size-full\"><\/figure>\r\n<h3 style=\"text-align: center;\"><strong>Paiements accept\u00e9s : CB ou esp\u00e8ces<\/strong><\/h3>\r\n<p style=\"text-align: center;\"><img loading=\"lazy\" decoding=\"async\" class=\"alignnone size-medium wp-image-134\" src=\"https:\/\/pizzatrie.fr\/wp-content\/uploads\/2024\/05\/mode-paiement-300x275.png\" alt=\"\" width=\"300\" height=\"275\" \/><\/p>\r\n<p>&nbsp;<\/p><\/div>","protected":false},"excerpt":{"rendered":"<p>07 68 17 28 90 Toutes les pizzas peuvent \u00eatre pr\u00e9par\u00e9es en base tomate ou cr\u00e8me fra\u00eeche et en calzone Tailles \u00f826 \u00f833 NOUVEAU Burger 10 13 tomate, boeuf hach\u00e9, cheddar, sauce burger, ketchup, emmental, mozza Kebab 10 13 cr\u00e8me, viande kebab, cheddar, sauce kebab, emmental, mozza Paysanne 11 14 cr\u00e8me, lardon, camembert, champignon, emmental,&#8230;<\/p>\n","protected":false},"author":1,"featured_media":0,"parent":0,"menu_order":0,"comment_status":"closed","ping_status":"closed","template":"","meta":{"_kad_post_transparent":"default","_kad_post_title":"default","_kad_post_layout":"default","_kad_post_sidebar_id":"","_kad_post_content_style":"default","_kad_post_vertical_padding":"default","_kad_post_feature":"","_kad_post_feature_position":"","_kad_post_header":false,"_kad_post_footer":false,"_kad_post_classname":"","footnotes":""},"class_list":["post-32","page","type-page","status-publish","hentry"],"_links":{"self":[{"href":"https:\/\/pizzatrie.fr\/index.php\/wp-json\/wp\/v2\/pages\/32","targetHints":{"allow":["GET"]}}],"collection":[{"href":"https:\/\/pizzatrie.fr\/index.php\/wp-json\/wp\/v2\/pages"}],"about":[{"href":"https:\/\/pizzatrie.fr\/index.php\/wp-json\/wp\/v2\/types\/page"}],"author":[{"embeddable":true,"href":"https:\/\/pizzatrie.fr\/index.php\/wp-json\/wp\/v2\/users\/1"}],"replies":[{"embeddable":true,"href":"https:\/\/pizzatrie.fr\/index.php\/wp-json\/wp\/v2\/comments?post=32"}],"version-history":[{"count":11,"href":"https:\/\/pizzatrie.fr\/index.php\/wp-json\/wp\/v2\/pages\/32\/revisions"}],"predecessor-version":[{"id":54,"href":"https:\/\/pizzatrie.fr\/index.php\/wp-json\/wp\/v2\/pages\/32\/revisions\/54"}],"wp:attachment":[{"href":"https:\/\/pizzatrie.fr\/index.php\/wp-json\/wp\/v2\/media?parent=32"}],"curies":[{"name":"wp","href":"https:\/\/api.w.org\/{rel}","templated":true}]}}